{"id":19415,"date":"2022-06-13T08:06:17","date_gmt":"2022-06-13T08:06:17","guid":{"rendered":"https:\/\/thetime.pt\/dmc\/?page_id=19415"},"modified":"2022-06-13T08:40:37","modified_gmt":"2022-06-13T08:40:37","slug":"terms-of-use","status":"publish","type":"page","link":"https:\/\/thetime.pt\/dmc\/terms-of-use\/","title":{"rendered":"Terms of use"},"content":{"rendered":"<p>[vc_row][vc_column][vc_column_text]<\/p>\r\n<p class=\"p1\"><b>TERMOS E CONDI\u00c7\u00d5ES DE USO DO SITE<\/b><\/p>\r\n<p><b>PROPRIEDADE<\/b><\/p>\r\n<p>O site www.thetime.pt, incluindo logotipos, marcas registadas, direitos de autor, copyright, e servi\u00e7os nele presentes, \u00e9 propriedade da Time Management, Lda., sociedade com sede na R. Dr. Ramalho Fontes, 211; 4150-630 Porto; Portugal, matriculada na Conservat\u00f3ria do Registo Comercial do Porto, com o n\u00famero \u00fanico de matr\u00edcula e de pessoa coletiva 508293480, com o capital social de 400000 euros, RNAVT registo n\u00ba 8410.<\/p>\r\n<p>O c\u00f3digo de atividade econ\u00f3mica da Time Management, Lda. \u2013 79110-R3 e 82990-R3.<\/p>\r\n<p>As presentes Condi\u00e7\u00f5es Utiliza\u00e7\u00e3o do site destinam-se a estabelecer os termos e condi\u00e7\u00f5es pelos quais se reger\u00e1 o acesso \u00e0s informa\u00e7\u00f5es e conte\u00fados disponibilizados no site www.thetime.pt e a realiza\u00e7\u00e3o de reservas e pagamentos a clientes finais doravante designados \u201cUTILIZADOR(ES)\u201d.<\/p>\r\n<p>A THE TIME reserva-se o direito de inserir, alterar e remover, sem aviso pr\u00e9vio e com inteira discricionariedade, qualquer informa\u00e7\u00e3o nas presentes Condi\u00e7\u00f5es de Utiliza\u00e7\u00e3o. O utilizador \u00e9 respons\u00e1vel por rever o conte\u00fado das Condi\u00e7\u00f5es de Utiliza\u00e7\u00e3o sempre que consultar ou reservar viagens atrav\u00e9s do site www.thetime.pt. O uso do site www.thetime.pt, posteriormente a quaisquer altera\u00e7\u00f5es introduzidas pela THE TIME, ser\u00e1 considerado como aceita\u00e7\u00e3o t\u00e1cita das mesmas.<\/p>\r\n<p><b>ACESSO \u00c0 P\u00c1GINA WEB<\/b><\/p>\r\n<p>A THE TIME e os utilizadores da p\u00e1gina www.thetime.pt acordam que o acesso \u00e0 mesma, a visualiza\u00e7\u00e3o, utiliza\u00e7\u00e3o ou contrata\u00e7\u00e3o partir dela, regem-se pelas presentes Condi\u00e7\u00f5es de uso e utiliza\u00e7\u00e3o.<\/p>\r\n<p>Para a utiliza\u00e7\u00e3o deste portal, os UTILIZADORES aceitam expressamente a ades\u00e3o plena e sem reservas, a todas e cada uma das Condi\u00e7\u00f5es de uso da p\u00e1gina web na vers\u00e3o publicada e em vigor no mesmo momento em que os UTILIZADORES acedam a este portal, especialmente as estabelecidas sobre a limita\u00e7\u00e3o de responsabilidade, assim como as de qualquer fornecedor de servi\u00e7os tur\u00edsticos ou de viagens. Logo, os UTILIZADORES devem ler atentamente as presentes <span class=\"s1\">Condi\u00e7\u00f5es de Uso<\/span> antes de utilizar o portal, dado que as mesmas podem ter sido alvo de modifica\u00e7\u00f5es desde a \u00faltima vez que acedeu.<\/p>\r\n<p>A THE TIME reserva-se o direito de negar o acesso \u00e0 p\u00e1gina Web sem aviso pr\u00e9vio, s\u00f3 sendo permitido o acesso a maiores de 18 anos e legalmente capazes de o fazer. Sem preju\u00edzo do acima disposto, as partes comprometem-se a observar toda a legisla\u00e7\u00e3o e normas aplic\u00e1veis \u00e0 referida p\u00e1gina web e \u00e0s reservas contratadas por seu interm\u00e9dio.<\/p>\r\n<p><b>DIREITOS DE PROPRIEDADE E OUTROS DIREITOS PROPRIEDADE INTELECTUAL<\/b><\/p>\r\n<p>O site www.thetime.pt \u00e9 para uso pessoal e n\u00e3o comercial do utilizador. Toda a reprodu\u00e7\u00e3o, transmiss\u00e3o, exibi\u00e7\u00e3o, publica\u00e7\u00e3o, distribui\u00e7\u00e3o, coloca\u00e7\u00e3o \u00e0 disposi\u00e7\u00e3o do p\u00fablico, cria\u00e7\u00e3o de obras derivadas, modifica\u00e7\u00e3o, adapta\u00e7\u00e3o, tradu\u00e7\u00e3o, transfer\u00eancia ou venda de quaisquer informa\u00e7\u00f5es, produtos ou servi\u00e7os obtidos atrav\u00e9s do presente site e quaisquer outras formas de explora\u00e7\u00e3o, total ou parcial, do conte\u00fado e materiais do site www.thetime.pt, designadamente, texto, imagens, software, clips de \u00e1udio ou v\u00eddeo, encontra-se protegida pela lei portuguesa e internacional de direitos de autor e \u00e9 totalmente vedada sem autoriza\u00e7\u00e3o pr\u00e9via e escrita da THE TIME.<\/p>\r\n<p>A utiliza\u00e7\u00e3o, obten\u00e7\u00e3o ou armazenamento dos conte\u00fados, materiais, fun\u00e7\u00f5es e informa\u00e7\u00f5es disponibilizadas no site www.thetime.pt, s\u00f3 pode ser efetuada pelos meios previstos e fornecidos no mesmo. S\u00e3o, nomeadamente, vedados sem o pr\u00e9vio consentimento escrito da THE TIME, a remo\u00e7\u00e3o parcial de texto e\/ou imagens e reprodu\u00e7\u00e3o noutro contexto, ou a reprodu\u00e7\u00e3o integral do site www.thetime.pt em outro site.<\/p>\r\n<p>Os UTILIZADORES reconhecem e acordam que os elementos e direitos de propriedade intelectual (incluindo sem qualquer limita\u00e7\u00e3o copyright, patente, marca de produtos ou servi\u00e7os e segredos industriais) relativos \u00e0 p\u00e1gina web da THE TIME e que os UTILIZADORES recebam ou a qual acedam, s\u00e3o propriedade exclusiva da THE TIME ou de seus fornecedores.<\/p>\r\n<p><b>CONTE\u00daDOS<\/b><\/p>\r\n<p>Os conte\u00fados da p\u00e1gina www.thetime.pt na World Wide Web est\u00e3o protegidos por direitos de autor Copyright \u00a9 THE TIME. Todos os direitos que n\u00e3o sejam expressamente concedidos pelo presente s\u00e3o direitos reservados. A reprodu\u00e7\u00e3o, transfer\u00eancia, distribui\u00e7\u00e3o ou armazenamento de parte ou da totalidade dos conte\u00fados sob qualquer forma, sem a pr\u00e9via autoriza\u00e7\u00e3o escrita, \u00e9 proibida, salvo se for feita de acordo com os termos seguintes. A THE TIME permite que visualize as suas p\u00e1ginas no seu computador ou que imprima c\u00f3pias de extratos dessas p\u00e1ginas exclusivamente para seu uso pessoal e n\u00e3o para redistribui\u00e7\u00e3o, exceto se a THE TIME o permitir por escrito. Alguns documentos das nossas p\u00e1ginas na WorldWide Web podem estar sujeitos a termos adicionais indicados nesses documentos.<\/p>\r\n<p>Os UTILIZADORES reconhecem e aceitam:<\/p>\r\n<p>Que, salvo o aqui acordado, n\u00e3o adquirem nenhum direito adicional sobre o conte\u00fado.<\/p>\r\n<p>Que o conte\u00fado, direta ou indiretamente recebido ou ao qual tenha acesso, \u00e9 propriedade exclusiva da THE TIME ou dos seus fornecedores, os quais continuar\u00e3o a ser os seus \u00fanicos propriet\u00e1rios.<\/p>\r\n<p><b>ALTERA\u00c7\u00d5ES NA P\u00c1GINA WEB DA THE TIME<\/b><\/p>\r\n<p>A THE TIME poder\u00e1 implementar melhorias ou altera\u00e7\u00f5es na informa\u00e7\u00e3o, elementos, dados, servi\u00e7os e demais elementos desta p\u00e1gina web ou cancel\u00e1-la a qualquer momento sem necessidade de aviso pr\u00e9vio.<\/p>\r\n<p>A THE TIME pode, igualmente, modificar estas Condi\u00e7\u00f5es Gerais, a qualquer momento, e tal modifica\u00e7\u00e3o ser\u00e1 v\u00e1lida desde que introduzida na p\u00e1gina web.<\/p>\r\n<p>Consequentemente, o acesso e posterior uso da p\u00e1gina web pressup\u00f5em a exist\u00eancia de aprova\u00e7\u00e3o por parte dos UTILIZADORES das novas Condi\u00e7\u00f5es Gerais.<\/p>\r\n<p>A THE TIME pode suspender o acesso ao sistema objeto deste programa, em decorr\u00eancia de trabalhos de manuten\u00e7\u00e3o, por motivos de seguran\u00e7a da rede ou por motivos de for\u00e7a maior \u201cacts of god\u201d sem necessidade de qualquer aviso pr\u00e9vio.<\/p>\r\n<p>Esta p\u00e1gina Web \u00e9 para acesso exclusivo ao p\u00fablico para que este possa efetuar as suas reservas. N\u00e3o aceitamos reservas feitas atrav\u00e9s de ag\u00eancias de viagens ou outras pessoas atuando como intermedi\u00e1rios de pessoas singulares ou coletivas.<\/p>\r\n<p><b>RESPONSABILIDADE<\/b><\/p>\r\n<p>A THE TIME n\u00e3o concede garantias de qualquer tipo, expressas ou impl\u00edcitas, incluindo, entre outras, garantias de propriedade, n\u00e3o infra\u00e7\u00e3o, garantias impl\u00edcitas de possibilidade de comercializa\u00e7\u00e3o ou adequa\u00e7\u00e3o para qualquer fim espec\u00edfico, em rela\u00e7\u00e3o \u00e0 disponibilidade, precis\u00e3o, fiabilidade ou conte\u00fado destas p\u00e1ginas.<\/p>\r\n<p>Em nenhuma circunst\u00e2ncia poder\u00e1 a THE TIME ser considerada respons\u00e1vel por quaisquer preju\u00edzos, incluindo lucros cessantes e danos emergentes, que estejam direta ou indiretamente relacionados com o uso, ou a impossibilidade de uso dos conte\u00fados, materiais, fun\u00e7\u00f5es e informa\u00e7\u00f5es disponibilizadas atrav\u00e9s do site www.thetime.pt mesmo que a THE TIME tenha sido informada da possibilidade de ocorr\u00eancia desses danos.<\/p>\r\n<p>Incluem-se na limita\u00e7\u00e3o de responsabilidade prevista no ponto precedente todos danos provocados nos computadores do Utilizador, decorrentes da utiliza\u00e7\u00e3o direta ou indireta, incidental ou consequencial do site www.thetime.pt, e ainda eventuais danos provocados pela dissemina\u00e7\u00e3o de v\u00edrus, &#8220;trojans&#8221; e &#8220;worms&#8221;, seja qual for a sua origem e modo de transmiss\u00e3o.<\/p>\r\n<p>Todos os conte\u00fados, materiais, fun\u00e7\u00f5es e informa\u00e7\u00f5es disponibilizadas no site www.thetime.pt ou por interm\u00e9dio do mesmo, s\u00e3o fornecidos tal como nele aparecem e s\u00e3o divulgados, sem qualquer garantia de qualquer tipo prestada pela THE TIME.<\/p>\r\n<p>O site www.thetime.pt poder\u00e1 conter informa\u00e7\u00e3o, endere\u00e7os ou materiais de outros sites n\u00e3o pertencentes \u00e0 THE TIME, pelos quais ser\u00e3o \u00fanica e exclusivamente respons\u00e1veis os autores desses mesmos sites. A THE TIME n\u00e3o se responsabiliza pelas informa\u00e7\u00f5es, endere\u00e7os ou materiais inclu\u00eddos nesses sites.<\/p>\r\n<p>O site www.thetime.pt poder\u00e1 conter &#8220;links&#8221; (v\u00ednculos eletr\u00f3nicos) para web sites de terceiros. Tais links s\u00e3o meramente informativos e a THE TIME n\u00e3o assume qualquer responsabilidade pela exatid\u00e3o, integridade ou legalidade do conte\u00fado desses web sites, ou por eventuais informa\u00e7\u00f5es, opini\u00f5es, ofertas de produtos ou servi\u00e7os neles contidos. A THE TIME declara n\u00e3o possuir qualquer controle, no que tange a risco de confidencialidade, seguran\u00e7a e outros, sobre sites de terceiros.<\/p>\r\n<p>O utilizador \u00e9 respons\u00e1vel, em qualquer caso, sobre a veracidade dos dados facultados, reservando-se \u00e0 THE TIME o direito a excluir dos servi\u00e7os registados qualquer utilizador que tenha facultado dados falsos, sem preju\u00edzo para outras a\u00e7\u00f5es que possam transitar para a via judicial.<\/p>\r\n<p>O Utilizador, ao enviar materiais a qualquer um dos servidores da THE TIME por correio eletr\u00f3nico ou atrav\u00e9s das p\u00e1ginas da THE TIME no seu site, concorda com o seguinte:<\/p>\r\n<p>Os materiais n\u00e3o dever\u00e3o conter nenhum elemento que seja ilegal ou inadequado para publica\u00e7\u00e3o.<\/p>\r\n<p>Dever\u00e1 procurar e eliminar quaisquer v\u00edrus ou outros aspetos destrutivos antes de apresentar qualquer material.<\/p>\r\n<p>\u00c9 propriet\u00e1rio do material que envia ou tem um direito ilimitado para poder fornec\u00ea-lo.<\/p>\r\n<p>A THE TIME pode publicar esses mesmos materiais sem encargos e\/ou incorporar os mesmos ou qualquer um dos conceitos a\u00ed descritos nos seus produtos.<\/p>\r\n<p><b>CONDI\u00c7\u00d5ES DE RESERVA E COMPRA<\/b><\/p>\r\n<p>A todas as reservas efetuadas no site www.thetime.pt, aplicam-se as condi\u00e7\u00f5es gerais da THE TIME, prevalecendo sobre estas as condi\u00e7\u00f5es particulares inerentes a cada reserva e nomeadamente as seguintes condi\u00e7\u00f5es de reserva e compra.<\/p>\r\n<p>Todas as reservas efetuadas no site www.thetime.pt encontram-se ao abrigo das regras existentes para as reservas de viagens e turismo, e t\u00eam por isso prazos para o seu pagamento. Para os pre\u00e7os mais baratos e ofertas especiais este pagamento dever\u00e1 ser efetuado de forma imediata.<\/p>\r\n<p>Os pre\u00e7os apresentados no site www.thetime.pt n\u00e3o s\u00e3o acumul\u00e1veis com outras ofertas, promo\u00e7\u00f5es, protocolos.<\/p>\r\n<p>Ap\u00f3s o pagamento total da reserva, sua confirma\u00e7\u00e3o, e o seu bom recebimento por parte dos nossos servi\u00e7os receber\u00e1 a documenta\u00e7\u00e3o respeitante \u00e0 sua viagem de forma eletr\u00f3nica &#8211; via email &#8211; e num prazo m\u00e1ximo de 24horas. Dever\u00e1 em todas as ocasi\u00f5es certificar-se que o email que nos providencia se encontra correto e dispon\u00edvel. Nos casos em que a documenta\u00e7\u00e3o diga respeito a servi\u00e7os de operadores tur\u00edsticos, n\u00e3o estando assim dependente apenas dos nossos servi\u00e7os, receber\u00e1 a documenta\u00e7\u00e3o ou eletronicamente ou fisicamente na morada que nos providenciar, num prazo que n\u00e3o ultrapassar\u00e1 os 7 dias antes da sua viagem. Este prazo ser\u00e1 informado caso a caso pelos nossos servi\u00e7os.<\/p>\r\n<p>Todos os servi\u00e7os prestados no site www.thetime.pt est\u00e3o sujeitos a regras de cancelamento e\/ou altera\u00e7\u00e3o, que variam conforme o produto adquirido e que s\u00e3o apresentadas aquando da sua reserva. As tarifas de avi\u00e3o mais restritivas e alguns outros produtos poder\u00e3o ter taxas de cancelamento at\u00e9 100% do valor pago. Ap\u00f3s efetuar a sua reserva ser\u00e1 informado das respetivas condi\u00e7\u00f5es particulares. As regras de cancelamento s\u00e3o aplic\u00e1veis ap\u00f3s a emiss\u00e3o da sua documenta\u00e7\u00e3o, ou ap\u00f3s a sua confirma\u00e7\u00e3o de reserva efetuada por um dep\u00f3sito para a garantia dos lugares para a sua viagem.<\/p>\r\n<p><b>LEI APLIC\u00c1VEL <\/b><\/p>\r\n<p>A todos os lit\u00edgios emergentes da interpreta\u00e7\u00e3o ou execu\u00e7\u00e3o das presentes Condi\u00e7\u00f5es de Utiliza\u00e7\u00e3o aplicar-se-\u00e1 a legisla\u00e7\u00e3o portuguesa.<\/p>\r\n<p>[\/vc_column_text][\/vc_column][\/vc_row][vc_row][vc_column][vc_column_text]<\/p>\r\n<p style=\"text-align: center;\"><a href=\"https:\/\/thetime.pt\/dmc\/terms-of-use\">Terms of use<\/a> | <a href=\"https:\/\/thetime.pt\/dmc\/privacy-police\">Privacy Police<\/a><\/p>\r\n<p>[\/vc_column_text][\/vc_column][\/vc_row]<\/p>","protected":false},"excerpt":{"rendered":"<p>[vc_row][vc_column][vc_column_text] TERMOS E CONDI\u00c7\u00d5ES DE USO DO SITE PROPRIEDADE O site www.thetime.pt, incluindo logotipos, marcas registadas, direitos de autor, copyright, e servi\u00e7os nele presentes, \u00e9 propriedade da Time Management, Lda.,<\/p>\n","protected":false},"author":5,"featured_media":0,"parent":0,"menu_order":0,"comment_status":"closed","ping_status":"closed","template":"","meta":{"footnotes":""},"class_list":["post-19415","page","type-page","status-publish","hentry"],"yoast_head":"<!-- This site is optimized with the Yoast SEO plugin v16.6.1 - https:\/\/yoast.com\/wordpress\/plugins\/seo\/ -->\n<title>Terms of use - TheTime DMC<\/title>\n<meta name=\"robots\" content=\"noindex, follow, max-snippet:-1, max-image-preview:large, max-video-preview:-1\" \/>\n<meta property=\"og:locale\" content=\"en_US\" \/>\n<meta property=\"og:type\" content=\"article\" \/>\n<meta property=\"og:title\" content=\"Terms of use - TheTime DMC\" \/>\n<meta property=\"og:description\" content=\"[vc_row][vc_column][vc_column_text] TERMOS E CONDI\u00c7\u00d5ES DE USO DO SITE PROPRIEDADE O site www.thetime.pt, incluindo logotipos, marcas registadas, direitos de autor, copyright, e servi\u00e7os nele presentes, \u00e9 propriedade da Time Management, Lda.,\" \/>\n<meta property=\"og:url\" content=\"https:\/\/thetime.pt\/dmc\/terms-of-use\/\" \/>\n<meta property=\"og:site_name\" content=\"TheTime DMC\" \/>\n<meta property=\"article:modified_time\" content=\"2022-06-13T08:40:37+00:00\" \/>\n<meta name=\"twitter:card\" content=\"summary_large_image\" \/>\n<meta name=\"twitter:label1\" content=\"Est. reading time\" \/>\n\t<meta name=\"twitter:data1\" content=\"8 minutes\" \/>\n<script type=\"application\/ld+json\" class=\"yoast-schema-graph\">{\"@context\":\"https:\/\/schema.org\",\"@graph\":[{\"@type\":\"WebSite\",\"@id\":\"https:\/\/thetime.pt\/dmc\/#website\",\"url\":\"https:\/\/thetime.pt\/dmc\/\",\"name\":\"TheTime DMC\",\"description\":\"Mais um site WordPress\",\"potentialAction\":[{\"@type\":\"SearchAction\",\"target\":{\"@type\":\"EntryPoint\",\"urlTemplate\":\"https:\/\/thetime.pt\/dmc\/?s={search_term_string}\"},\"query-input\":\"required name=search_term_string\"}],\"inLanguage\":\"en-US\"},{\"@type\":\"WebPage\",\"@id\":\"https:\/\/thetime.pt\/dmc\/terms-of-use\/#webpage\",\"url\":\"https:\/\/thetime.pt\/dmc\/terms-of-use\/\",\"name\":\"Terms of use - TheTime DMC\",\"isPartOf\":{\"@id\":\"https:\/\/thetime.pt\/dmc\/#website\"},\"datePublished\":\"2022-06-13T08:06:17+00:00\",\"dateModified\":\"2022-06-13T08:40:37+00:00\",\"breadcrumb\":{\"@id\":\"https:\/\/thetime.pt\/dmc\/terms-of-use\/#breadcrumb\"},\"inLanguage\":\"en-US\",\"potentialAction\":[{\"@type\":\"ReadAction\",\"target\":[\"https:\/\/thetime.pt\/dmc\/terms-of-use\/\"]}]},{\"@type\":\"BreadcrumbList\",\"@id\":\"https:\/\/thetime.pt\/dmc\/terms-of-use\/#breadcrumb\",\"itemListElement\":[{\"@type\":\"ListItem\",\"position\":1,\"name\":\"Home\",\"item\":\"https:\/\/thetime.pt\/dmc\/\"},{\"@type\":\"ListItem\",\"position\":2,\"name\":\"Terms of use\"}]}]}<\/script>\n<!-- \/ Yoast SEO plugin. -->","_links":{"self":[{"href":"https:\/\/thetime.pt\/dmc\/wp-json\/wp\/v2\/pages\/19415","targetHints":{"allow":["GET"]}}],"collection":[{"href":"https:\/\/thetime.pt\/dmc\/wp-json\/wp\/v2\/pages"}],"about":[{"href":"https:\/\/thetime.pt\/dmc\/wp-json\/wp\/v2\/types\/page"}],"author":[{"embeddable":true,"href":"https:\/\/thetime.pt\/dmc\/wp-json\/wp\/v2\/users\/5"}],"replies":[{"embeddable":true,"href":"https:\/\/thetime.pt\/dmc\/wp-json\/wp\/v2\/comments?post=19415"}],"version-history":[{"count":3,"href":"https:\/\/thetime.pt\/dmc\/wp-json\/wp\/v2\/pages\/19415\/revisions"}],"predecessor-version":[{"id":19435,"href":"https:\/\/thetime.pt\/dmc\/wp-json\/wp\/v2\/pages\/19415\/revisions\/19435"}],"wp:attachment":[{"href":"https:\/\/thetime.pt\/dmc\/wp-json\/wp\/v2\/media?parent=19415"}],"curies":[{"name":"wp","href":"https:\/\/api.w.org\/{rel}","templated":true}]}}