{"id":19467,"date":"2022-07-06T11:08:46","date_gmt":"2022-07-06T11:08:46","guid":{"rendered":"https:\/\/thetime.pt\/dmc\/?page_id=19467"},"modified":"2022-07-14T15:59:02","modified_gmt":"2022-07-14T15:59:02","slug":"norte-2020","status":"publish","type":"page","link":"https:\/\/thetime.pt\/dmc\/norte-2020\/","title":{"rendered":"Norte 2020"},"content":{"rendered":"<p>[vc_row css=&#8221;.vc_custom_1657532142608{background-color: #4f4f4f !important;}&#8221;][vc_column]<div class=\"dfd-spacer-module\"  data-units=\"px\" data-wide_resolution=\"1280\" data-wide_size=\"80\" data-normal_resolution=\"1024\" data-normal_size=\"80\" data-tablet_resolution=\"800\" data-tablet_size=\"\" data-mobile_resolution=\"480\" data-mobile_size=\"\" style=\"height: 80px;\"><\/div>[\/vc_column][\/vc_row][vc_row][vc_column][vc_single_image image=&#8221;19464&#8243; img_size=&#8221;2000&#215;100&#8243; css=&#8221;.vc_custom_1657814340053{margin-top: 3% !important;margin-bottom: 2% !important;}&#8221;]<div class=\"dfd-spacer-module\"  data-units=\"px\" data-wide_resolution=\"1280\" data-wide_size=\"20\" data-normal_resolution=\"1024\" data-normal_size=\"20\" data-tablet_resolution=\"800\" data-tablet_size=\"10\" data-mobile_resolution=\"480\" data-mobile_size=\"10\" style=\"height: 20px;\"><\/div>[vc_column_text]Designa\u00e7\u00e3o do Projeto: Qualifica\u00e7\u00e3o da Time Management<\/p>\n<p>C\u00f3digo do Projeto: NORTE-02-0853-FEDER-035149<\/p>\n<p>Objetivos principais:<br \/>\n&#8211; Reestrutura\u00e7\u00e3o e desmaterializa\u00e7\u00e3o de processos e aumento da produtividade;<br \/>\n&#8211; Aposta em ganhos de notoriedade das marcas ao n\u00edvel internacional;<br \/>\n&#8211; Desenvolvimento de solu\u00e7\u00f5es inovadoras e de elevado valor acrescentado;<br \/>\n&#8211; Incremento da rentabilidade das opera\u00e7\u00f5es e do Valor Acrescentado Bruto;<br \/>\n&#8211; Promo\u00e7\u00e3o de uma estrat\u00e9gia de comunica\u00e7\u00e3o e proximidade com os seus clientes assente na economia digital;<br \/>\n&#8211; Refor\u00e7o das compet\u00eancias e capacidade de resposta da equipa atrav\u00e9s da contrata\u00e7\u00e3o de recursos humanos altamente qualificados.<\/p>\n<p>Regi\u00e3o de Interven\u00e7\u00e3o: NORTE<\/p>\n<p>Entidade Benefici\u00e1ria: Time Management, Lda.<\/p>\n<p>Data de Aprova\u00e7\u00e3o: 29 de Mar\u00e7o de 2018<\/p>\n<p>Data de In\u00edcio do Projeto: 18 de Mar\u00e7o de 2018<\/p>\n<p>Data de Conclus\u00e3o do Projeto: 16 de Mar\u00e7o de 2020<\/p>\n<p>Custo total eleg\u00edvel: EUR 121 941,08<\/p>\n<p>Apoio financeiro da Uni\u00e3o Europeia: FEDER EUR 54 873,49<\/p>\n<p>Descri\u00e7\u00e3o do Projeto:<br \/>\nO projeto incide essencialmente sobre as seguintes \u00e1reas:<br \/>\n&#8211; Economia digital e tecnologias de informa\u00e7\u00e3o e comunica\u00e7\u00e3o<br \/>\n&#8211; Inova\u00e7\u00e3o Organizacional e Gest\u00e3o<br \/>\n&#8211; Cria\u00e7\u00e3o de Marcas e design[\/vc_column_text][\/vc_column][\/vc_row][vc_row][vc_column]<div class=\"dfd-spacer-module\"  data-units=\"px\" data-wide_resolution=\"1280\" data-wide_size=\"40\" data-normal_resolution=\"1024\" data-normal_size=\"40\" data-tablet_resolution=\"800\" data-tablet_size=\"\" data-mobile_resolution=\"480\" data-mobile_size=\"\" style=\"height: 40px;\"><\/div>[\/vc_column][\/vc_row]<\/p>\n","protected":false},"excerpt":{"rendered":"<p>[vc_row css=&#8221;.vc_custom_1657532142608{background-color: #4f4f4f !important;}&#8221;][vc_column][\/vc_column][\/vc_row][vc_row][vc_column][vc_single_image image=&#8221;19464&#8243; img_size=&#8221;2000&#215;100&#8243; css=&#8221;.vc_custom_1657814340053{margin-top: 3% !important;margin-bottom: 2% !important;}&#8221;][vc_column_text]Designa\u00e7\u00e3o do Projeto: Qualifica\u00e7\u00e3o da Time Management C\u00f3digo do Projeto: NORTE-02-0853-FEDER-035149 Objetivos principais: &#8211; Reestrutura\u00e7\u00e3o e desmaterializa\u00e7\u00e3o de processos e<\/p>\n","protected":false},"author":5,"featured_media":0,"parent":0,"menu_order":0,"comment_status":"closed","ping_status":"closed","template":"page-custom-with-header.php","meta":{"footnotes":""},"class_list":["post-19467","page","type-page","status-publish","hentry"],"yoast_head":"<!-- This site is optimized with the Yoast SEO plugin v16.6.1 - https:\/\/yoast.com\/wordpress\/plugins\/seo\/ -->\n<title>Norte 2020 - TheTime DMC<\/title>\n<meta name=\"robots\" content=\"noindex, follow, max-snippet:-1, max-image-preview:large, max-video-preview:-1\" \/>\n<meta property=\"og:locale\" content=\"en_US\" \/>\n<meta property=\"og:type\" content=\"article\" \/>\n<meta property=\"og:title\" content=\"Norte 2020 - TheTime DMC\" \/>\n<meta property=\"og:description\" content=\"[vc_row css=&#8221;.vc_custom_1657532142608{background-color: #4f4f4f !important;}&#8221;][vc_column][\/vc_column][\/vc_row][vc_row][vc_column][vc_single_image image=&#8221;19464&#8243; img_size=&#8221;2000&#215;100&#8243; css=&#8221;.vc_custom_1657814340053{margin-top: 3% !important;margin-bottom: 2% !important;}&#8221;][vc_column_text]Designa\u00e7\u00e3o do Projeto: Qualifica\u00e7\u00e3o da Time Management C\u00f3digo do Projeto: NORTE-02-0853-FEDER-035149 Objetivos principais: &#8211; Reestrutura\u00e7\u00e3o e desmaterializa\u00e7\u00e3o de processos e\" \/>\n<meta property=\"og:url\" content=\"https:\/\/thetime.pt\/dmc\/norte-2020\/\" \/>\n<meta property=\"og:site_name\" content=\"TheTime DMC\" \/>\n<meta property=\"article:modified_time\" content=\"2022-07-14T15:59:02+00:00\" \/>\n<meta name=\"twitter:card\" content=\"summary_large_image\" \/>\n<meta name=\"twitter:label1\" content=\"Est. reading time\" \/>\n\t<meta name=\"twitter:data1\" content=\"1 minute\" \/>\n<script type=\"application\/ld+json\" class=\"yoast-schema-graph\">{\"@context\":\"https:\/\/schema.org\",\"@graph\":[{\"@type\":\"WebSite\",\"@id\":\"https:\/\/thetime.pt\/dmc\/#website\",\"url\":\"https:\/\/thetime.pt\/dmc\/\",\"name\":\"TheTime DMC\",\"description\":\"Mais um site WordPress\",\"potentialAction\":[{\"@type\":\"SearchAction\",\"target\":{\"@type\":\"EntryPoint\",\"urlTemplate\":\"https:\/\/thetime.pt\/dmc\/?s={search_term_string}\"},\"query-input\":\"required name=search_term_string\"}],\"inLanguage\":\"en-US\"},{\"@type\":\"WebPage\",\"@id\":\"https:\/\/thetime.pt\/dmc\/norte-2020\/#webpage\",\"url\":\"https:\/\/thetime.pt\/dmc\/norte-2020\/\",\"name\":\"Norte 2020 - TheTime DMC\",\"isPartOf\":{\"@id\":\"https:\/\/thetime.pt\/dmc\/#website\"},\"datePublished\":\"2022-07-06T11:08:46+00:00\",\"dateModified\":\"2022-07-14T15:59:02+00:00\",\"breadcrumb\":{\"@id\":\"https:\/\/thetime.pt\/dmc\/norte-2020\/#breadcrumb\"},\"inLanguage\":\"en-US\",\"potentialAction\":[{\"@type\":\"ReadAction\",\"target\":[\"https:\/\/thetime.pt\/dmc\/norte-2020\/\"]}]},{\"@type\":\"BreadcrumbList\",\"@id\":\"https:\/\/thetime.pt\/dmc\/norte-2020\/#breadcrumb\",\"itemListElement\":[{\"@type\":\"ListItem\",\"position\":1,\"name\":\"Home\",\"item\":\"https:\/\/thetime.pt\/dmc\/\"},{\"@type\":\"ListItem\",\"position\":2,\"name\":\"Norte 2020\"}]}]}<\/script>\n<!-- \/ Yoast SEO plugin. -->","_links":{"self":[{"href":"https:\/\/thetime.pt\/dmc\/wp-json\/wp\/v2\/pages\/19467","targetHints":{"allow":["GET"]}}],"collection":[{"href":"https:\/\/thetime.pt\/dmc\/wp-json\/wp\/v2\/pages"}],"about":[{"href":"https:\/\/thetime.pt\/dmc\/wp-json\/wp\/v2\/types\/page"}],"author":[{"embeddable":true,"href":"https:\/\/thetime.pt\/dmc\/wp-json\/wp\/v2\/users\/5"}],"replies":[{"embeddable":true,"href":"https:\/\/thetime.pt\/dmc\/wp-json\/wp\/v2\/comments?post=19467"}],"version-history":[{"count":6,"href":"https:\/\/thetime.pt\/dmc\/wp-json\/wp\/v2\/pages\/19467\/revisions"}],"predecessor-version":[{"id":19476,"href":"https:\/\/thetime.pt\/dmc\/wp-json\/wp\/v2\/pages\/19467\/revisions\/19476"}],"wp:attachment":[{"href":"https:\/\/thetime.pt\/dmc\/wp-json\/wp\/v2\/media?parent=19467"}],"curies":[{"name":"wp","href":"https:\/\/api.w.org\/{rel}","templated":true}]}}