{"id":3,"date":"2021-07-12T09:32:32","date_gmt":"2021-07-12T09:32:32","guid":{"rendered":"https:\/\/thetime.pt\/dmc\/?page_id=3"},"modified":"2022-06-13T08:34:46","modified_gmt":"2022-06-13T08:34:46","slug":"privacy-police","status":"publish","type":"page","link":"https:\/\/thetime.pt\/dmc\/privacy-police\/","title":{"rendered":"Privacy Police"},"content":{"rendered":"<p>[vc_row][vc_column][vc_column_text]<\/p>\r\n<p class=\"p2\"><b>POL\u00cdTICA DE PRIVACIDADE DA THE TIME<\/b><\/p>\r\n<p class=\"p4\">A THE TIME compromete-se a recolher e a tratar os dados pessoais dos utilizadores no estrito cumprimento do <b>Regulamento (UE) 2016\/679 do Parlamento Europeu e do Conselho de 27 de abril de 2016<\/b>, relativo \u00e0 prote\u00e7\u00e3o das pessoas singulares no que diz respeito ao tratamento de dados pessoais e \u00e0 livre circula\u00e7\u00e3o desses dados.<\/p>\r\n<p class=\"p4\">A presente informa\u00e7\u00e3o fornece os contactos da THE TIME, enquanto respons\u00e1vel pelo tratamento de dados pessoais, identifica os dados pessoais recolhidos e as respetivas finalidades de recolha, a exist\u00eancia de comunica\u00e7\u00e3o de dados a terceiras entidades, bem como outras informa\u00e7\u00f5es que s\u00e3o devidas aos utilizadores enquanto titulares de dados pessoais.<\/p>\r\n<p>&nbsp;<\/p>\r\n<p><b>IDENTIFICA\u00c7\u00c3O DO RESPONS\u00c1VEL PELO TRATAMENTO<\/b><\/p>\r\n<ul>\r\n<li><b>Empresa:<\/b> Time Management, Lda<\/li>\r\n<li><b>Sede: <\/b>R. Dr. Ramalho Fontes, 211; 4150-630 Porto; Portugal<\/li>\r\n<li><b>NIPC: <\/b>508293480<\/li>\r\n<li><b>Telefone: <\/b>226\u00a0199 311<\/li>\r\n<li><b>E-mail: <\/b>portugal@thetime.pt<\/li>\r\n<li style=\"list-style-type: none;\">\u00a0<\/li>\r\n<\/ul>\r\n<p><b>DADOS PESSOAIS QUE A AG\u00caNCIA RECOLHE E TRATA<\/b><\/p>\r\n<p>Enquanto respons\u00e1vel pelo tratamento de dados, a THE TIME recolhe e efetua o tratamento de diferentes tipos de dados pessoais, dependendo da utiliza\u00e7\u00e3o espec\u00edfica pretendida, tais como o nome, n\u00famero do documento de identifica\u00e7\u00e3o, n\u00famero de identifica\u00e7\u00e3o fiscal, morada, contacto telef\u00f3nico, e-mail, dados referentes a cart\u00f5es de d\u00e9bito ou cr\u00e9dito, aspetos relativos \u00e0s suas prefer\u00eancias pessoais.<\/p>\r\n<p>Por quest\u00f5es de seguran\u00e7a aplic\u00e1veis a certos pa\u00edses, \u00e9 obrigat\u00f3ria a coloca\u00e7\u00e3o nas reservas de voos o nome do viajante, informa\u00e7\u00e3o referente a dados como o n\u00famero de passaporte ou cart\u00e3o de cidad\u00e3o, sexo, idade, nacionalidade. Essa informa\u00e7\u00e3o contida na reserva poder\u00e1, nos termos da legisla\u00e7\u00e3o aplic\u00e1vel, ser consultada pelas autoridades alfandeg\u00e1rias dos pa\u00edses de origem ou destino.<\/p>\r\n<p>Em caso algum ser\u00e1 solicitada informa\u00e7\u00e3o sobre convic\u00e7\u00f5es filos\u00f3ficas ou pol\u00edticas, filia\u00e7\u00e3o partid\u00e1ria ou sindical, f\u00e9 religiosa, vida privada e origem racial ou \u00e9tnica bem como dados relativos \u00e0 sa\u00fade e \u00e0 vida sexual, incluindo dados gen\u00e9ticos.<\/p>\r\n<p>&nbsp;<\/p>\r\n<p><b>PORQUE TRATA A THE TIME OS SEUS DADOS PESSOAIS <\/b><\/p>\r\n<p>A recolha e tratamento dos seus dados pessoais s\u00e3o necess\u00e1rios por v\u00e1rias raz\u00f5es:<\/p>\r\n<ul>\r\n<li style=\"list-style-type: none;\">\r\n<ul>\r\n<li><b>Exerc\u00edcio da atividade vinculada a uma ag\u00eancia de viagens grossista<\/b><\/li>\r\n<li><b>Fornecimento aos intervenientes nos servi\u00e7os solicitados pelo utilizador para concretiza\u00e7\u00e3o da reserva \/ servi\u00e7o contratado<\/b><\/li>\r\n<li><b>Gest\u00e3o, administra\u00e7\u00e3o, presta\u00e7\u00e3o, amplia\u00e7\u00e3o e melhoria dos servi\u00e7os que o utilizador decida subscrever e adequa\u00e7\u00e3o desses servi\u00e7os \u00e0s prefer\u00eancias e gostos dos utilizadores<\/b><\/li>\r\n<li><b>Cumprimento de obriga\u00e7\u00f5es legais <\/b><\/li>\r\n<li><b>Marketing<\/b><\/li>\r\n<\/ul>\r\n<\/li>\r\n<\/ul>\r\n<p>O utilizador poder\u00e1 consentir que a THE TIME trate os seus dados pessoais com a finalidade de determinar o seu perfil e oferecer-lhe produtos e servi\u00e7os adequados. Estes servi\u00e7os podem ser prestados pela Ag\u00eancia ou por terceiros.<\/p>\r\n<p>&nbsp;<\/p>\r\n<p><b>CONSERVA\u00c7\u00c3O DOS DADOS PESSOAIS<\/b><\/p>\r\n<p>Os dados pessoais dos utilizadores ser\u00e3o conservados pela THE TIME por diferentes prazos.<\/p>\r\n<p>Os dados pessoais necess\u00e1rios ao cumprimento de obriga\u00e7\u00f5es fiscais ser\u00e3o mantidos por um per\u00edodo de <span class=\"s1\">10 (dez) anos<\/span> ap\u00f3s a cessa\u00e7\u00e3o do contrato (v.g., dados relacionados com identifica\u00e7\u00e3o e reten\u00e7\u00e3o em sede de impostos).<\/p>\r\n<p>Quanto aos demais dados pessoais, estes ser\u00e3o conservados pelo per\u00edodo necess\u00e1rio \u00e0 prossecu\u00e7\u00e3o das finalidades do tratamento, sem preju\u00edzo da sua <span class=\"s1\">elimina\u00e7\u00e3o imediata mediante solicita\u00e7\u00e3o do utilizador<\/span>.<\/p>\r\n<p>&nbsp;<\/p>\r\n<p><b>COMUNICA\u00c7\u00c3O E TRANSFER\u00caNCIA DE DADOS PESSOAIS <\/b><\/p>\r\n<p>A THE TIME poder\u00e1 comunicar os dados pessoais do utilizador a terceiros com o prop\u00f3sito de completar a reserva solicitada e ainda por raz\u00f5es administrativas, nos termos da legisla\u00e7\u00e3o em vigor em determinados pa\u00edses.<\/p>\r\n<p>Quaisquer dados recolhidos nestes termos ser\u00e3o transmitidos \u00e0s entidades envolvidas para contratar os servi\u00e7os requeridos na medida do absolutamente necess\u00e1rio para a concretiza\u00e7\u00e3o da reserva \/ servi\u00e7o pretendido e para cumprimento da legisla\u00e7\u00e3o dos pa\u00edses de destino.<\/p>\r\n<p>&nbsp;<\/p>\r\n<p><b>SEGURAN\u00c7A DOS DADOS<\/b><\/p>\r\n<p>A THE TIME compromete-se a aplicar medidas de seguran\u00e7a de natureza t\u00e9cnica e organizativa adequadas \u00e0 salvaguarda dos dados pessoais do utilizador contra qualquer viola\u00e7\u00e3o de dados pessoais, tendo em conta o atual estado da tecnologia, a natureza dos dados armazenados, o tipo de tratamento efetuado e o grau de risco a que se encontram expostos.<\/p>\r\n<p>Os dados pessoais recolhidos s\u00e3o maioritariamente tratados atrav\u00e9s de meios eletr\u00f3nicos.<\/p>\r\n<p>&nbsp;<\/p>\r\n<p><b>DIREITOS DOS TITULARES DOS DADOS <\/b><\/p>\r\n<p>A THE TIME assegura ao utilizador, enquanto titular de dados pessoais, o exerc\u00edcio dos seguintes direitos:<\/p>\r\n<p><b>Direto de acesso, retifica\u00e7\u00e3o e \/ ou apagamento, incluindo o direito de oposi\u00e7\u00e3o ao tratamento dos dados<\/b><\/p>\r\n<ul>\r\n<li>Enquanto titular de dados pessoais, o utilizador tem o direito de obter, de forma r\u00e1pida e eficiente, toda e qualquer informa\u00e7\u00e3o sobre a recolha e processamento de dados pessoais que lhe digam respeito. Pode, a todo o tempo, solicitar a sua corre\u00e7\u00e3o, apagamento, ou manifestar a sua oposi\u00e7\u00e3o ao tratamento efetuado.<\/li>\r\n<li>Caso o fundamento para a recolha e tratamento de dados assente na execu\u00e7\u00e3o de obriga\u00e7\u00f5es contratuais e legais, note, por favor, que os direitos de apagamento e oposi\u00e7\u00e3o ficar\u00e3o limitados nesses termos.\r\n<ul>\r\n<li><b>Direito \u00e0 portabilidade<\/b>:\r\n<ul>\r\n<li>O utilizador tem ainda o direito de solicitar e receber os dados pessoais que se encontrem na posse da THE TIME em formato leg\u00edvel e em <i>machine readable format, <\/i>e ainda solicitar a sua transmiss\u00e3o direta para outra entidade.<\/li>\r\n<\/ul>\r\n<\/li>\r\n<\/ul>\r\n<\/li>\r\n<\/ul>\r\n<ul>\r\n<li style=\"list-style-type: none;\">\r\n<ul>\r\n<li class=\"li4\"><b>Direito de queixa<\/b>:<br \/>\r\n<ul class=\"ul1\">\r\n<li class=\"li4\">Nos termos da lei aplic\u00e1vel em mat\u00e9ria de prote\u00e7\u00e3o de dados pessoais, assiste ao titular de dados pessoais o direito a apresentar queixa junto da autoridade de controlo competente.<\/li>\r\n<\/ul>\r\n<\/li>\r\n<\/ul>\r\n<\/li>\r\n<\/ul>\r\n<p>&nbsp;<\/p>\r\n<p><b>COMO CONTACTAR A THE TIME<\/b><\/p>\r\n<p>Para qualquer contacto com a THE TIME, designadamente para exercer os direitos que s\u00e3o reconhecidos ao utilizador, dever\u00e1 remeter uma mensagem de correio eletr\u00f3nico para portugal@thetime.pt.<\/p>\r\n<p>[\/vc_column_text][\/vc_column][\/vc_row][vc_row][vc_column][vc_column_text]<\/p>\r\n<p style=\"text-align: center;\"><a href=\"https:\/\/thetime.pt\/dmc\/terms-of-use\">Terms of use<\/a> | <a href=\"https:\/\/thetime.pt\/dmc\/privacy-police\">Privacy Police<\/a><\/p>\r\n<p>[\/vc_column_text][\/vc_column][\/vc_row]<\/p>","protected":false},"excerpt":{"rendered":"<p>[vc_row][vc_column][vc_column_text] POL\u00cdTICA DE PRIVACIDADE DA THE TIME A THE TIME compromete-se a recolher e a tratar os dados pessoais dos utilizadores no estrito cumprimento do Regulamento (UE) 2016\/679 do Parlamento<\/p>\n","protected":false},"author":1,"featured_media":0,"parent":0,"menu_order":0,"comment_status":"closed","ping_status":"closed","template":"","meta":{"footnotes":""},"class_list":["post-3","page","type-page","status-publish","hentry"],"yoast_head":"<!-- This site is optimized with the Yoast SEO plugin v16.6.1 - https:\/\/yoast.com\/wordpress\/plugins\/seo\/ -->\n<title>Privacy Police - TheTime DMC<\/title>\n<meta name=\"robots\" content=\"noindex, follow, max-snippet:-1, max-image-preview:large, max-video-preview:-1\" \/>\n<meta property=\"og:locale\" content=\"en_US\" \/>\n<meta property=\"og:type\" content=\"article\" \/>\n<meta property=\"og:title\" content=\"Privacy Police - TheTime DMC\" \/>\n<meta property=\"og:description\" content=\"[vc_row][vc_column][vc_column_text] POL\u00cdTICA DE PRIVACIDADE DA THE TIME A THE TIME compromete-se a recolher e a tratar os dados pessoais dos utilizadores no estrito cumprimento do Regulamento (UE) 2016\/679 do Parlamento\" \/>\n<meta property=\"og:url\" content=\"https:\/\/thetime.pt\/dmc\/privacy-police\/\" \/>\n<meta property=\"og:site_name\" content=\"TheTime DMC\" \/>\n<meta property=\"article:modified_time\" content=\"2022-06-13T08:34:46+00:00\" \/>\n<meta name=\"twitter:card\" content=\"summary_large_image\" \/>\n<meta name=\"twitter:label1\" content=\"Est. reading time\" \/>\n\t<meta name=\"twitter:data1\" content=\"4 minutes\" \/>\n<script type=\"application\/ld+json\" class=\"yoast-schema-graph\">{\"@context\":\"https:\/\/schema.org\",\"@graph\":[{\"@type\":\"WebSite\",\"@id\":\"https:\/\/thetime.pt\/dmc\/#website\",\"url\":\"https:\/\/thetime.pt\/dmc\/\",\"name\":\"TheTime DMC\",\"description\":\"Mais um site WordPress\",\"potentialAction\":[{\"@type\":\"SearchAction\",\"target\":{\"@type\":\"EntryPoint\",\"urlTemplate\":\"https:\/\/thetime.pt\/dmc\/?s={search_term_string}\"},\"query-input\":\"required name=search_term_string\"}],\"inLanguage\":\"en-US\"},{\"@type\":\"WebPage\",\"@id\":\"https:\/\/thetime.pt\/dmc\/privacy-police\/#webpage\",\"url\":\"https:\/\/thetime.pt\/dmc\/privacy-police\/\",\"name\":\"Privacy Police - TheTime DMC\",\"isPartOf\":{\"@id\":\"https:\/\/thetime.pt\/dmc\/#website\"},\"datePublished\":\"2021-07-12T09:32:32+00:00\",\"dateModified\":\"2022-06-13T08:34:46+00:00\",\"breadcrumb\":{\"@id\":\"https:\/\/thetime.pt\/dmc\/privacy-police\/#breadcrumb\"},\"inLanguage\":\"en-US\",\"potentialAction\":[{\"@type\":\"ReadAction\",\"target\":[\"https:\/\/thetime.pt\/dmc\/privacy-police\/\"]}]},{\"@type\":\"BreadcrumbList\",\"@id\":\"https:\/\/thetime.pt\/dmc\/privacy-police\/#breadcrumb\",\"itemListElement\":[{\"@type\":\"ListItem\",\"position\":1,\"name\":\"Home\",\"item\":\"https:\/\/thetime.pt\/dmc\/\"},{\"@type\":\"ListItem\",\"position\":2,\"name\":\"Privacy Police\"}]}]}<\/script>\n<!-- \/ Yoast SEO plugin. -->","_links":{"self":[{"href":"https:\/\/thetime.pt\/dmc\/wp-json\/wp\/v2\/pages\/3","targetHints":{"allow":["GET"]}}],"collection":[{"href":"https:\/\/thetime.pt\/dmc\/wp-json\/wp\/v2\/pages"}],"about":[{"href":"https:\/\/thetime.pt\/dmc\/wp-json\/wp\/v2\/types\/page"}],"author":[{"embeddable":true,"href":"https:\/\/thetime.pt\/dmc\/wp-json\/wp\/v2\/users\/1"}],"replies":[{"embeddable":true,"href":"https:\/\/thetime.pt\/dmc\/wp-json\/wp\/v2\/comments?post=3"}],"version-history":[{"count":7,"href":"https:\/\/thetime.pt\/dmc\/wp-json\/wp\/v2\/pages\/3\/revisions"}],"predecessor-version":[{"id":19430,"href":"https:\/\/thetime.pt\/dmc\/wp-json\/wp\/v2\/pages\/3\/revisions\/19430"}],"wp:attachment":[{"href":"https:\/\/thetime.pt\/dmc\/wp-json\/wp\/v2\/media?parent=3"}],"curies":[{"name":"wp","href":"https:\/\/api.w.org\/{rel}","templated":true}]}}