{"id":18274,"date":"2022-06-29T16:47:07","date_gmt":"2022-06-29T16:47:07","guid":{"rendered":"https:\/\/thetime.pt\/travel\/?page_id=18274"},"modified":"2022-10-12T10:52:14","modified_gmt":"2022-10-12T10:52:14","slug":"sobre-nos","status":"publish","type":"page","link":"https:\/\/thetime.pt\/travel\/sobre-nos\/","title":{"rendered":"Sobre n\u00f3s"},"content":{"rendered":"<p>[vc_row css=&#8221;.vc_custom_1656522075828{padding-top: 2% !important;}&#8221;][vc_column][vc_column_text]<\/p>\n<h5><b>Quem somos?<\/b><\/h5>\n<ul>\n<li style=\"text-align: justify; font-size: 15px;\">A The Time \u00e9 uma empresa de Travel Designers &amp; Concierge, que concilia a presta\u00e7\u00e3o de excel\u00eancia de duas atividades complementares: servi\u00e7o de Ag\u00eancia de Viagens e servi\u00e7o de assist\u00eancia pessoal (Concierge).<\/li>\n<li style=\"text-align: justify; font-size: 15px;\">Somos uma equipa de profissionais qualificados e experientes, com 15 anos de maturidade, com conhecimento profundo do mercado do Turismo.<\/li>\n<li style=\"text-align: justify; font-size: 15px;\">Como Ag\u00eancia de Viagens somos membros do restrito Grupo Traveller Made, cons\u00f3rcio mundial de agentes de turismo de luxo.<\/li>\n<\/ul>\n<h5><b>O que fazemos?<\/b><\/h5>\n<ul>\n<li style=\"text-align: justify; font-size: 15px;\">Planeamento personalizado de viagens\n<ul>\n<li style=\"text-align: justify; font-size: 15px;\">Planeamos viagens \u00e0 medida do estilo de cada cliente (tailor-made), identificando as melhores op\u00e7\u00f5es aos melhores pre\u00e7os.<\/li>\n<li style=\"text-align: justify; font-size: 15px;\">Permitimos economia de tempo, ao atentar aos mais pequenos detalhes, para que os nossos clientes tenham disponibilidade total para usufruir da viagem.<\/li>\n<\/ul>\n<\/li>\n<li style=\"text-align: justify; font-size: 15px;\">\u00a0Assist\u00eancia pessoal\n<ul>\n<li style=\"text-align: justify; font-size: 15px;\">Enquanto a viagem decorre, garantimos um servi\u00e7o Concierge exclusivo, proporcionando acompanhamento telef\u00f3nico personalizado, sempre preparados para dar resposta a todas as necessidades, d\u00favidas ou sugest\u00f5es. Tudo para que cada viagem venha a ser uma experi\u00eancia inesquec\u00edvel.<\/li>\n<\/ul>\n<\/li>\n<\/ul>\n<ul>\n<li style=\"list-style-type: none;\"><\/li>\n<\/ul>\n<p>[\/vc_column_text][\/vc_column][\/vc_row][vc_row css=&#8221;.vc_custom_1656322369667{margin-top: 5% !important;background-color: #f5f5f5 !important;}&#8221;][vc_column width=&#8221;1\/3&#8243;]<div class=\"dfd-spacer-module\"  data-units=\"px\" data-wide_resolution=\"1280\" data-wide_size=\"60\" data-normal_resolution=\"1024\" data-normal_size=\"60\" data-tablet_resolution=\"800\" data-tablet_size=\"\" data-mobile_resolution=\"480\" data-mobile_size=\"\" style=\"height: 60px;\"><\/div><div class=\"dfd-heading-shortcode\"><div class=\"dfd-heading-module-wrap  text-center style_04 dfd-heading-6a01cc1092947 dfd-disable-resposive-headings\" id=\"dfd-heading-6a01cc1092947\" ><div class=\"inline-block\"><div class=\"dfd-heading-module\"><div class=\"dfd-heading-delimiter dfd-img-lazy-load\"><\/div><h5 class=\"widget-title dfd-title \" style=\"\">Newsletter<\/h5><h3 class=\"widget-sub-title dfd-sub-title \" style=\"\">Vai adorar l\u00ea-la!<\/h3><\/div><\/div><\/div><script type=\"text\/javascript\">\r\n\t\t\t\t\t\t\t\t\t(function($) {\r\n\t\t\t\t\t\t\t\t\t\t$(\"head\").append(\"<style>.dfd-heading-6a01cc1092947.dfd-heading-module-wrap .dfd-heading-module .dfd-heading-delimiter {border-bottom-style:solid;border-bottom-width:1px;width:100px;border-bottom-color:#dddddd;}.dfd-heading-6a01cc1092947.dfd-heading-module-wrap .dfd-heading-module .dfd-heading-delimiter {margin-top:10px;margin-bottom:10px;}<\/style>\");\r\n\t\t\t\t\t\t\t\t\t})(jQuery);\r\n\t\t\t\t\t\t\t\t<\/script><\/div><div class=\"dfd-new-subscribe-module  \"  ><div class=\"dfd-subscribe-module-form dfd-subscribe-style-1 align-center \"><form id=\"form_dfd-subscribe-6a01cc1092b0c-4236\" action=\"http:\/\/feedburner.google.com\/fb\/a\/mailverify\" method=\"post\" target=\"popupwindow\" onsubmit=\"window.open('http:\/\/feedburner.google.com\/fb\/a\/mailverify?uri=thetimedmc', 'popupwindow', 'scrollbars=yes,width=550,height=520');return true\"><table><tr><td class=\"cell-text\"><input class=\"text\" type=\"text\" name=\"email\" id=\"subsmail_6a01cc1092b78\" style=\"\" placeholder=\"Email\" \/><\/td><td class=\"cell-submit\"><button type=\"submit\" class=\"submit\">Subscreva<\/button><\/td><\/tr><\/table><input type=\"hidden\" value=\"thetimedmc\" name=\"uri\"\/><input type=\"hidden\" name=\"loc\" value=\"en_US\"\/><\/form><\/div><script type=\"text\/javascript\">\r\n\t\t\t\t\t(function($) {\r\n\t\t\t\t\t\t$(\"head\").append(\"<style>.dfd-subscribe-module-form #form_dfd-subscribe-6a01cc1092b0c-4236 .text {border-style: solid; border-width: 1px; border-color: #cdcdcd; }.dfd-subscribe-module-form #form_dfd-subscribe-6a01cc1092b0c-4236 .submit {border-width: 0; }.dfd-subscribe-module-form #form_dfd-subscribe-6a01cc1092b0c-4236 .submit:hover {border-color: #cdcdcd; }.dfd-new-subscribe-module .dfd-subscribe-module-form #form_dfd-subscribe-6a01cc1092b0c-4236 ::-webkit-input-placeholder {style=&quot;&quot;}.dfd-new-subscribe-module .dfd-subscribe-module-form #form_dfd-subscribe-6a01cc1092b0c-4236 :-moz-placeholder {style=&quot;&quot;}.dfd-new-subscribe-module .dfd-subscribe-module-form #form_dfd-subscribe-6a01cc1092b0c-4236 ::-moz-placeholder {style=&quot;&quot;}.dfd-new-subscribe-module .dfd-subscribe-module-form #form_dfd-subscribe-6a01cc1092b0c-4236 :-ms-input-placeholder {style=&quot;&quot;}.dfd-new-subscribe-module .dfd-subscribe-module-form #form_dfd-subscribe-6a01cc1092b0c-4236 :focus::-webkit-input-placeholder {color: transparent !important;}.dfd-new-subscribe-module .dfd-subscribe-module-form #form_dfd-subscribe-6a01cc1092b0c-4236 :focus:-moz-placeholder {color: transparent !important;}.dfd-new-subscribe-module .dfd-subscribe-module-form #form_dfd-subscribe-6a01cc1092b0c-4236 :focus::-moz-placeholder {color: transparent !important;}.dfd-new-subscribe-module .dfd-subscribe-module-form #form_dfd-subscribe-6a01cc1092b0c-4236 :focus:-ms-input-placeholder {color: transparent !important;}<\/style>\");\r\n\t\t\t\t\t\t$(\".dfd-subscribe-style-5 input.text\").focus(function(e){\r\n\t\t\t\t\t\t\t$(this).parent(\"td\").addClass(\"active\").siblings().addClass(\"active\");\r\n\t\t\t\t\t\t}).blur(function(){\r\n\t\t\t\t\t\t\tif($(this).val() == \"\") {\r\n\t\t\t\t\t\t\t\t$(this).parent(\"td\").removeClass(\"active\").siblings().removeClass(\"active\");\r\n\t\t\t\t\t\t\t}\r\n\t\t\t\t\t\t});\r\n\t\t\t\t\t})(jQuery);\r\n\t\t\t\t<\/script><\/div><div class=\"dfd-spacer-module\"  data-units=\"px\" data-wide_resolution=\"1280\" data-wide_size=\"90\" data-normal_resolution=\"1024\" data-normal_size=\"90\" data-tablet_resolution=\"800\" data-tablet_size=\"\" data-mobile_resolution=\"480\" data-mobile_size=\"\" style=\"height: 90px;\"><\/div>[\/vc_column][vc_column width=&#8221;1\/3&#8243; css=&#8221;.vc_custom_1656322153755{padding-left: 4% !important;}&#8221; col_shadow=&#8221;box_shadow_enable:disable|shadow_horizontal:0|shadow_vertical:15|shadow_blur:50|shadow_spread:0|box_shadow_color:rgba(0%2C0%2C0%2C0.35)&#8221; col_shadow_hover=&#8221;box_shadow_enable:disable|shadow_horizontal:0|shadow_vertical:15|shadow_blur:50|shadow_spread:0|box_shadow_color:rgba(0%2C0%2C0%2C0.35)&#8221;]<div class=\"dfd-spacer-module\"  data-units=\"px\" data-wide_resolution=\"1280\" data-wide_size=\"60\" data-normal_resolution=\"1024\" data-normal_size=\"60\" data-tablet_resolution=\"800\" data-tablet_size=\"\" data-mobile_resolution=\"480\" data-mobile_size=\"\" style=\"height: 60px;\"><\/div><div class=\"dfd-heading-shortcode\"><div class=\"dfd-heading-module-wrap  text-center style_04 dfd-heading-6a01cc1092c9e dfd-disable-resposive-headings\" id=\"dfd-heading-6a01cc1092c9e\" ><div class=\"inline-block\"><div class=\"dfd-heading-module\"><div class=\"dfd-heading-delimiter dfd-img-lazy-load\"><\/div><h5 class=\"widget-title dfd-title \" style=\"\">Mensagem<\/h5><h3 class=\"widget-sub-title dfd-sub-title \" style=\"\">Envie-nos as suas quest\u00f5es.<\/h3><\/div><\/div><\/div><script type=\"text\/javascript\">\r\n\t\t\t\t\t\t\t\t\t(function($) {\r\n\t\t\t\t\t\t\t\t\t\t$(\"head\").append(\"<style>.dfd-heading-6a01cc1092c9e.dfd-heading-module-wrap .dfd-heading-module .dfd-heading-delimiter {border-bottom-style:solid;border-bottom-width:1px;width:100px;border-bottom-color:#dddddd;}.dfd-heading-6a01cc1092c9e.dfd-heading-module-wrap .dfd-heading-module .dfd-heading-delimiter {margin-top:10px;margin-bottom:10px;}<\/style>\");\r\n\t\t\t\t\t\t\t\t\t})(jQuery);\r\n\t\t\t\t\t\t\t\t<\/script><\/div><div class=\"dfd-spacer-module\"  data-units=\"px\" data-wide_resolution=\"1280\" data-wide_size=\"20\" data-normal_resolution=\"1024\" data-normal_size=\"20\" data-tablet_resolution=\"800\" data-tablet_size=\"\" data-mobile_resolution=\"480\" data-mobile_size=\"\" style=\"height: 20px;\"><\/div>[dfd_user_form preset=&#8221;preset3&#8243; fake_check_layout=&#8221;forms_05&#8243; text_area_height=&#8221;5&#8243; vert_margin_btw_inputs=&#8221;5&#8243; horiz_margin_btw_inputs=&#8221;5&#8243; font_size=&#8221;13&#8243; btn_message=&#8221;Enviar&#8221; btn_width=&#8221;dfd-option-size&#8221; btn_align=&#8221;center&#8221; email_to=&#8221;lorrene_stacy@hotmail.com&#8221; email_subject=&#8221;Mensagem do The Time &#8211; Travel&#8221; check_layout=&#8221;forms_05.php&#8221; check_layout_forms_05=&#8221;{&#8220;1&#8220;:{&#8220;text_name&#8220;:{&#8220;name&#8220;:&#8220;Nome&#8220;,&#8220;akismet_comment_author-1&#8220;:&#8220;1&#8220;}},&#8220;2&#8220;:{&#8220;email&#8220;:{&#8220;name&#8220;:&#8220;Email&#8220;,&#8220;akismet_comment_author_email-1&#8220;:&#8220;1&#8220;}},&#8220;3&#8220;:{&#8220;text_name&#8220;:{&#8220;name&#8220;:&#8220;Assunto&#8220;,&#8220;akismet_comment_author-1&#8220;:&#8220;1&#8220;}},&#8220;4&#8220;:{&#8220;textarea_name&#8220;:{&#8220;name&#8220;:&#8220;Mensagem&#8220;}}}&#8221; button_border_color=&#8221;#000000&#8243; button_border_color_on_hover=&#8221;#5b5b5b&#8221; button_backgrond=&#8221;#000000&#8243; hover_button_backgrond=&#8221;#5b5b5b&#8221;]De: {{text_name-1}} &#8211; {{email-2}}<br \/>\nAssunto: {{text_name-3}}<\/p>\n<p>Corpo:<br \/>\n{{textarea_name-4}}<\/p>\n<p>&#8212;<br \/>\nEste email foi enviado atrav\u00e9s do The Time &#8211; Travel[\/dfd_user_form]<div class=\"dfd-spacer-module\"  data-units=\"px\" data-wide_resolution=\"1280\" data-wide_size=\"90\" data-normal_resolution=\"1024\" data-normal_size=\"90\" data-tablet_resolution=\"800\" data-tablet_size=\"\" data-mobile_resolution=\"480\" data-mobile_size=\"\" style=\"height: 90px;\"><\/div>[\/vc_column][vc_column width=&#8221;1\/3&#8243;]<div class=\"dfd-spacer-module\"  data-units=\"px\" data-wide_resolution=\"1280\" data-wide_size=\"60\" data-normal_resolution=\"1024\" data-normal_size=\"60\" data-tablet_resolution=\"800\" data-tablet_size=\"\" data-mobile_resolution=\"480\" data-mobile_size=\"\" style=\"height: 60px;\"><\/div><div class=\"dfd-heading-shortcode\"><div class=\"dfd-heading-module-wrap  text-center style_04 dfd-heading-6a01cc1092e38 dfd-disable-resposive-headings\" id=\"dfd-heading-6a01cc1092e38\" ><div class=\"inline-block\"><div class=\"dfd-heading-module\"><div class=\"dfd-heading-delimiter dfd-img-lazy-load\"><\/div><h5 class=\"widget-title dfd-title \" style=\"\">WhatsApp<\/h5><h3 class=\"widget-sub-title dfd-sub-title \" style=\"\">Estamos dispon\u00edveis.<\/h3><\/div><\/div><\/div><script type=\"text\/javascript\">\r\n\t\t\t\t\t\t\t\t\t(function($) {\r\n\t\t\t\t\t\t\t\t\t\t$(\"head\").append(\"<style>.dfd-heading-6a01cc1092e38.dfd-heading-module-wrap .dfd-heading-module .dfd-heading-delimiter {border-bottom-style:solid;border-bottom-width:1px;width:100px;border-bottom-color:#dddddd;}.dfd-heading-6a01cc1092e38.dfd-heading-module-wrap .dfd-heading-module .dfd-heading-delimiter {margin-top:10px;margin-bottom:10px;}<\/style>\");\r\n\t\t\t\t\t\t\t\t\t})(jQuery);\r\n\t\t\t\t\t\t\t\t<\/script><\/div><div class=\"dfd-spacer-module\"  data-units=\"px\" data-wide_resolution=\"1280\" data-wide_size=\"3\" data-normal_resolution=\"1024\" data-normal_size=\"3\" data-tablet_resolution=\"800\" data-tablet_size=\"\" data-mobile_resolution=\"480\" data-mobile_size=\"\" style=\"height: 3px;\"><\/div><div id=\"dfd-button-6a01cc1092f98\" class=\"dfd-button-module-wrap dfd-button-6a01cc1092f98\"><div class=\"dfd-button-module  style_1 text-center dfd-horizontal dfd-top-to-bottom dfd-button-icon-left dfd-button-icon-hover-simple\" ><a href=\"https:\/\/api.whatsapp.com\/send?phone=351961665716&#038;text=I%20want%20more%20information%21\" target=\"_blank\" class=\"dfd-button-link\"><span class=\"dfd-button-inner-cover\"><span class=\"dfd-button-text-main\">Contacte-nos<\/span><\/span><\/a><\/div><script type=\"text\/javascript\">\r\n\t\t\t\t\t\t\t\t\t(function($) {$(\"head\").append(\"<style>#dfd-button-6a01cc1092f98.dfd-button-module-wrap .dfd-button-module .dfd-button-link .dfd-button-inner-cover .dfd-button-text-main,.dfd-button-6a01cc1092f98.dfd-button-module-wrap .dfd-button-module .dfd-button-link .dfd-button-inner-cover .dfd-button-text-main {color: #ffffff}#dfd-button-6a01cc1092f98.dfd-button-module-wrap .dfd-button-module .dfd-button-link .dfd-button-inner-cover,.dfd-button-6a01cc1092f98.dfd-button-module-wrap .dfd-button-module .dfd-button-link .dfd-button-border-decoration,.dfd-button-6a01cc1092f98.dfd-button-module-wrap .dfd-button-module .dfd-button-link .dfd-button-inner-cover {border-radius:2px;}#dfd-button-6a01cc1092f98.dfd-button-module-wrap .dfd-button-module:not(.style_4) .dfd-button-link .dfd-button-inner-cover:before,#dfd-button-6a01cc1092f98.dfd-button-module-wrap .dfd-button-module.style_4 .dfd-button-link .dfd-button-inner-cover:after,#dfd-button-6a01cc1092f98.dfd-button-module-wrap .dfd-button-module.style_6 .dfd-button-link .dfd-button-inner-cover .dfd-button-text-main,.dfd-button-6a01cc1092f98.dfd-button-module-wrap .dfd-button-module:not(.style_4) .dfd-button-link .dfd-button-inner-cover:before,.dfd-button-6a01cc1092f98.dfd-button-module-wrap .dfd-button-module.style_4 .dfd-button-link .dfd-button-inner-cover:after,.dfd-button-6a01cc1092f98.dfd-button-module-wrap .dfd-button-module.style_6 .dfd-button-link .dfd-button-inner-cover .dfd-button-text-main {background: #1b1b1b;border-style:solid;border-width:1px;border-radius:2px;border-color:#1b1b1b;}#dfd-button-6a01cc1092f98.dfd-button-module-wrap .dfd-button-module:not(.style_6) .dfd-button-link:hover .dfd-button-inner-cover .dfd-button-text-main,#dfd-button-6a01cc1092f98.dfd-button-module-wrap .dfd-button-module .dfd-button-link .dfd-button-inner-cover .dfd-button-text-hover,.dfd-button-6a01cc1092f98.dfd-button-module-wrap .dfd-button-module:not(.style_6) .dfd-button-link:hover .dfd-button-inner-cover .dfd-button-text-main,.dfd-button-6a01cc1092f98.dfd-button-module-wrap .dfd-button-module .dfd-button-link .dfd-button-inner-cover .dfd-button-text-hover {color: #ffffff;}#dfd-button-6a01cc1092f98.dfd-button-module-wrap .dfd-button-module .dfd-button-link:hover .dfd-button-inner-cover,.dfd-button-6a01cc1092f98.dfd-button-module-wrap .dfd-button-module .dfd-button-link:hover .dfd-button-border-decoration,.dfd-button-6a01cc1092f98.dfd-button-module-wrap .dfd-button-module .dfd-button-link:hover .dfd-button-inner-cover {border-radius:2px;}#dfd-button-6a01cc1092f98.dfd-button-module-wrap .dfd-button-module:not(.style_4) .dfd-button-link .dfd-button-inner-cover:after,#dfd-button-6a01cc1092f98.dfd-button-module-wrap .dfd-button-module.style_4 .dfd-button-link .dfd-button-inner-cover:before,#dfd-button-6a01cc1092f98.dfd-button-module-wrap .dfd-button-module .dfd-button-link .dfd-button-inner-cover .dfd-button-text-hover .dfd-button-6a01cc1092f98.dfd-button-module-wrap .dfd-button-module:not(.style_4) .dfd-button-link .dfd-button-inner-cover:after,.dfd-button-6a01cc1092f98.dfd-button-module-wrap .dfd-button-module.style_4 .dfd-button-link .dfd-button-inner-cover:before,.dfd-button-6a01cc1092f98.dfd-button-module-wrap .dfd-button-module .dfd-button-link .dfd-button-inner-cover .dfd-button-text-hover {background: #c39f76;border-style:solid;border-width:1px;border-radius:2px;border-color:#c39f76;}#dfd-button-6a01cc1092f98.dfd-button-module-wrap .dfd-button-module.style_3 .dfd-button-link:hover .dfd-button-inner-cover:before,#dfd-button-6a01cc1092f98.dfd-button-module-wrap .dfd-button-module.style_4 .dfd-button-link:hover .dfd-button-inner-cover:before,.dfd-button-6a01cc1092f98.dfd-button-module-wrap .dfd-button-module.style_3 .dfd-button-link:hover .dfd-button-inner-cover:before,.dfd-button-6a01cc1092f98.dfd-button-module-wrap .dfd-button-module.style_4 .dfd-button-link:hover .dfd-button-inner-cover:before {border-style:solid;border-width:1px;border-radius:2px;border-color:#c39f76;}<\/style>\")\r\n\t\t\t\t\t\t\t\t\t})(jQuery);\r\n\t\t\t\t\t\t\t\t<\/script><\/div><div class=\"dfd-spacer-module\"  data-units=\"px\" data-wide_resolution=\"1280\" data-wide_size=\"90\" data-normal_resolution=\"1024\" data-normal_size=\"90\" data-tablet_resolution=\"800\" data-tablet_size=\"\" data-mobile_resolution=\"480\" data-mobile_size=\"\" style=\"height: 90px;\"><\/div>[\/vc_column][\/vc_row][vc_row][vc_column][vc_column_text]<\/p>\n<p style=\"text-align: center;\"><a href=\"https:\/\/thetime.pt\/travel\/termos-de-uso\">Termos de uso<\/a> | <a href=\"https:\/\/thetime.pt\/travel\/politica-de-privacidade\">Pol\u00edtica de Privacidade<\/a><\/p>\n<p>[\/vc_column_text][\/vc_column][\/vc_row]<\/p>\n","protected":false},"excerpt":{"rendered":"<p>[vc_row css=&#8221;.vc_custom_1656522075828{padding-top: 2% !important;}&#8221;][vc_column][vc_column_text] Quem somos? A The Time \u00e9 uma empresa de Travel Designers &amp; Concierge, que concilia a presta\u00e7\u00e3o de excel\u00eancia de duas atividades complementares: servi\u00e7o de Ag\u00eancia<\/p>\n","protected":false},"author":5,"featured_media":0,"parent":0,"menu_order":0,"comment_status":"closed","ping_status":"closed","template":"page-custom-with-header.php","meta":{"footnotes":""},"class_list":["post-18274","page","type-page","status-publish","hentry"],"yoast_head":"<!-- This site is optimized with the Yoast SEO plugin v16.6.1 - https:\/\/yoast.com\/wordpress\/plugins\/seo\/ -->\n<title>Sobre n\u00f3s - TheTime Travel<\/title>\n<meta name=\"robots\" content=\"noindex, follow, max-snippet:-1, max-image-preview:large, max-video-preview:-1\" \/>\n<meta property=\"og:locale\" content=\"en_US\" \/>\n<meta property=\"og:type\" content=\"article\" \/>\n<meta property=\"og:title\" content=\"Sobre n\u00f3s - TheTime Travel\" \/>\n<meta property=\"og:description\" content=\"[vc_row css=&#8221;.vc_custom_1656522075828{padding-top: 2% !important;}&#8221;][vc_column][vc_column_text] Quem somos? A The Time \u00e9 uma empresa de Travel Designers &amp; Concierge, que concilia a presta\u00e7\u00e3o de excel\u00eancia de duas atividades complementares: servi\u00e7o de Ag\u00eancia\" \/>\n<meta property=\"og:url\" content=\"https:\/\/thetime.pt\/travel\/sobre-nos\/\" \/>\n<meta property=\"og:site_name\" content=\"TheTime Travel\" \/>\n<meta property=\"article:modified_time\" content=\"2022-10-12T10:52:14+00:00\" \/>\n<meta name=\"twitter:card\" content=\"summary_large_image\" \/>\n<meta name=\"twitter:label1\" content=\"Est. reading time\" \/>\n\t<meta name=\"twitter:data1\" content=\"2 minutes\" \/>\n<script type=\"application\/ld+json\" class=\"yoast-schema-graph\">{\"@context\":\"https:\/\/schema.org\",\"@graph\":[{\"@type\":\"WebSite\",\"@id\":\"https:\/\/thetime.pt\/travel\/#website\",\"url\":\"https:\/\/thetime.pt\/travel\/\",\"name\":\"TheTime Travel\",\"description\":\"Mais um site WordPress\",\"potentialAction\":[{\"@type\":\"SearchAction\",\"target\":{\"@type\":\"EntryPoint\",\"urlTemplate\":\"https:\/\/thetime.pt\/travel\/?s={search_term_string}\"},\"query-input\":\"required name=search_term_string\"}],\"inLanguage\":\"en-US\"},{\"@type\":\"WebPage\",\"@id\":\"https:\/\/thetime.pt\/travel\/sobre-nos\/#webpage\",\"url\":\"https:\/\/thetime.pt\/travel\/sobre-nos\/\",\"name\":\"Sobre n\\u00f3s - TheTime Travel\",\"isPartOf\":{\"@id\":\"https:\/\/thetime.pt\/travel\/#website\"},\"datePublished\":\"2022-06-29T16:47:07+00:00\",\"dateModified\":\"2022-10-12T10:52:14+00:00\",\"breadcrumb\":{\"@id\":\"https:\/\/thetime.pt\/travel\/sobre-nos\/#breadcrumb\"},\"inLanguage\":\"en-US\",\"potentialAction\":[{\"@type\":\"ReadAction\",\"target\":[\"https:\/\/thetime.pt\/travel\/sobre-nos\/\"]}]},{\"@type\":\"BreadcrumbList\",\"@id\":\"https:\/\/thetime.pt\/travel\/sobre-nos\/#breadcrumb\",\"itemListElement\":[{\"@type\":\"ListItem\",\"position\":1,\"name\":\"Home\",\"item\":\"https:\/\/thetime.pt\/travel\/\"},{\"@type\":\"ListItem\",\"position\":2,\"name\":\"Sobre n\\u00f3s\"}]}]}<\/script>\n<!-- \/ Yoast SEO plugin. -->","_links":{"self":[{"href":"https:\/\/thetime.pt\/travel\/wp-json\/wp\/v2\/pages\/18274","targetHints":{"allow":["GET"]}}],"collection":[{"href":"https:\/\/thetime.pt\/travel\/wp-json\/wp\/v2\/pages"}],"about":[{"href":"https:\/\/thetime.pt\/travel\/wp-json\/wp\/v2\/types\/page"}],"author":[{"embeddable":true,"href":"https:\/\/thetime.pt\/travel\/wp-json\/wp\/v2\/users\/5"}],"replies":[{"embeddable":true,"href":"https:\/\/thetime.pt\/travel\/wp-json\/wp\/v2\/comments?post=18274"}],"version-history":[{"count":11,"href":"https:\/\/thetime.pt\/travel\/wp-json\/wp\/v2\/pages\/18274\/revisions"}],"predecessor-version":[{"id":19911,"href":"https:\/\/thetime.pt\/travel\/wp-json\/wp\/v2\/pages\/18274\/revisions\/19911"}],"wp:attachment":[{"href":"https:\/\/thetime.pt\/travel\/wp-json\/wp\/v2\/media?parent=18274"}],"curies":[{"name":"wp","href":"https:\/\/api.w.org\/{rel}","templated":true}]}}